{"id":54,"date":"2017-11-08T18:04:40","date_gmt":"2017-11-08T18:04:40","guid":{"rendered":"https:\/\/www.agrospid.pl\/?page_id=54"},"modified":"2017-11-21T12:33:35","modified_gmt":"2017-11-21T12:33:35","slug":"kontakt","status":"publish","type":"page","link":"https:\/\/www.agrospid.pl\/index.php\/kontakt\/","title":{"rendered":"Kontakt z przedsi\u0119biorstwem rolniczym:"},"content":{"rendered":"<h2><strong>PRZEDSI\u0118BIORSTWO HANDLOWE\u00a0<\/strong><strong>&#8222;AGROSPID&#8221; TOMASZ KAMI\u0143SKI<\/strong><\/h2>\n<p>ul. 1-go Maja 25<br \/>\n42-674 Kopienica<\/p>\n<p>NIP: 645-23-16-176<\/p>\n<p>telefon: <a href=\"tel:+48665 358 005\">665 358 005<\/a><br \/>\ntelefon: <a href=\"tel:+48603 099 433\">603 099 433<\/a><\/p>\n<p>Poni\u017cej znajduj\u0105 si\u0119 linki uruchamiaj\u0105ce nawigacj\u0119 do naszej firmy. Wybierz do kt\u00f3rej lokalizacji firmy Agrospid chcesz dojecha\u0107 i\u00a0 serdecznie zapraszamy!<\/p>\n<ul>\n<li><a href=\"https:\/\/maps.google.com\/maps?ll=50.457611,18.642359&amp;z=15&amp;t=m&amp;hl=pl&amp;gl=PL&amp;mapclient=embed&amp;daddr=Kaminski%20Tomasz%20Agrospid%201%20Maja%2025%2042-674%20Kopienica@50.4576112,18.6423588\" target=\"_blank\" rel=\"noopener\">Uruchom nawigacje do siedziby firmy\u00a0 &#8211; 1-go Maja 25 Kopienica<\/a><\/li>\n<li><a href=\"https:\/\/www.google.pl\/maps\/dir\/\/Zbros%C5%82awice\/@50.451898,18.6406344,663m\/data=!3m1!1e3!4m8!4m7!1m0!1m5!1m1!1s0x47112f4f0ce5a585:0xc58db1159b40c1e1!2m2!1d18.7159469!2d50.39529?hl=pl\" target=\"_blank\" rel=\"noopener\">Uruchom nawigacje do bazy towarowej &#8211; Stra\u017cacka 35 Kopienica<\/a><\/li>\n<\/ul>\n<p>&nbsp;<\/p>\n<p><iframe loading=\"lazy\" style=\"border: 0;\" src=\"https:\/\/www.google.com\/maps\/embed?pb=!1m18!1m12!1m3!1d6041.39097863768!2d18.641929980565738!3d50.458011326369885!2m3!1f0!2f0!3f0!3m2!1i1024!2i768!4f13.1!3m3!1m2!1s0x471126eef0693c01%3A0x5d80c731dfcc9ec4!2sKaminski+Tomasz+Agrospid!5e0!3m2!1spl!2spl!4v1510164705106\" width=\"1000\" height=\"450\" frameborder=\"0\" allowfullscreen=\"allowfullscreen\"><\/iframe><\/p>\n<p>&nbsp;<\/p>\n","protected":false},"excerpt":{"rendered":"<p>PRZEDSI\u0118BIORSTWO HANDLOWE\u00a0&#8222;AGROSPID&#8221; TOMASZ KAMI\u0143SKI ul. 1-go Maja 25 42-674 Kopienica NIP: 645-23-16-176 telefon: 665 358 005 telefon: 603 099 433 Poni\u017cej znajduj\u0105 si\u0119 linki uruchamiaj\u0105ce nawigacj\u0119 do naszej firmy. Wybierz <a class=\"more-link\" href=\"https:\/\/www.agrospid.pl\/index.php\/kontakt\/\">Czytaj Dalej \u2192<\/a><\/p>\n","protected":false},"author":1,"featured_media":0,"parent":0,"menu_order":0,"comment_status":"closed","ping_status":"closed","template":"","meta":{"footnotes":""},"class_list":["post-54","page","type-page","status-publish","hentry"],"_links":{"self":[{"href":"https:\/\/www.agrospid.pl\/index.php\/wp-json\/wp\/v2\/pages\/54","targetHints":{"allow":["GET"]}}],"collection":[{"href":"https:\/\/www.agrospid.pl\/index.php\/wp-json\/wp\/v2\/pages"}],"about":[{"href":"https:\/\/www.agrospid.pl\/index.php\/wp-json\/wp\/v2\/types\/page"}],"author":[{"embeddable":true,"href":"https:\/\/www.agrospid.pl\/index.php\/wp-json\/wp\/v2\/users\/1"}],"replies":[{"embeddable":true,"href":"https:\/\/www.agrospid.pl\/index.php\/wp-json\/wp\/v2\/comments?post=54"}],"version-history":[{"count":23,"href":"https:\/\/www.agrospid.pl\/index.php\/wp-json\/wp\/v2\/pages\/54\/revisions"}],"predecessor-version":[{"id":90,"href":"https:\/\/www.agrospid.pl\/index.php\/wp-json\/wp\/v2\/pages\/54\/revisions\/90"}],"wp:attachment":[{"href":"https:\/\/www.agrospid.pl\/index.php\/wp-json\/wp\/v2\/media?parent=54"}],"curies":[{"name":"wp","href":"https:\/\/api.w.org\/{rel}","templated":true}]}}